{"id":815,"date":"2017-09-21T07:12:47","date_gmt":"2017-09-21T07:12:47","guid":{"rendered":"https:\/\/promo-theme.com\/novo\/dark\/?page_id=815"},"modified":"2017-09-21T07:12:47","modified_gmt":"2017-09-21T07:12:47","slug":"col-3-wide","status":"publish","type":"page","link":"https:\/\/our.quangdd.com\/?page_id=815","title":{"rendered":"Col 3 wide"},"content":{"rendered":"<div class=\"wpb-content-wrapper\"><p>[vc_row full_width=&#8221;stretch_row_content&#8221;][vc_column][vc_custom_heading text=&#8221;Gallery&#8221; font_container=&#8221;tag:h2|text_align:center&#8221; use_theme_fonts=&#8221;yes&#8221; decor_line=&#8221;on&#8221;]\r\n\t\t<div class=\"portfolio-block portfolio-block-59c3651ca7662 popup-gallery\" data-popup-settings=\"{&quot;popupTitle&quot;:false,&quot;popupDesc&quot;:false}\">\r\n\t\t\t\t\t\t\t\t\t<div class=\"filter-buttons filter-button-group tac\">\r\n\t\t\t<div class=\"wrap\">\r\n\t\t\t\t<button class=\"button active\" data-filter=\"*\">\r\n\t\t\t\t\t<span>T\u1ea5t c\u1ea3<\/span>\r\n\t\t\t\t<\/button>\r\n\t\t\t\t\t\t\t\t\t<button class=\"button\" data-filter=\".category-17\">\r\n\t\t\t\t\t\t<span>Event<\/span>\r\n\t\t\t\t\t<\/button>\r\n\t\t\t\t\t\t\t\t\t<button class=\"button\" data-filter=\".category-11\">\r\n\t\t\t\t\t\t<span>Nature<\/span>\r\n\t\t\t\t\t<\/button>\r\n\t\t\t\t\t\t\t<\/div>\r\n\t\t<\/div>\r\n\t\t\t\t\t\t<div class=\"portfolio-items portfolio-type-masonry load-wrap portfolio_hover_type_1 row\">\r\n\t\t\t\t\t\t\t<article class=\"portfolio-item col-12 col-sm-4 col-lg-4 portfolio-masonry-item category-11 popup-item image-center\">\r\n\t\t\t<div class=\"wrap\">\r\n\t\t\t\t\t\t\t\t\t<div class=\"a-img\">\r\n            <img loading=\"lazy\" decoding=\"async\" width=\"1024\" height=\"768\" src=\"\/wp-content\/uploads\/2025\/10\/20250930_103849497_iOS-1024x768.jpg\" class=\"attachment-large size-large\" alt=\"\" srcset=\"\/wp-content\/uploads\/2025\/10\/20250930_103849497_iOS-1024x768.jpg 1024w, \/wp-content\/uploads\/2025\/10\/20250930_103849497_iOS-300x225.jpg 300w, \/wp-content\/uploads\/2025\/10\/20250930_103849497_iOS-768x576.jpg 768w, \/wp-content\/uploads\/2025\/10\/20250930_103849497_iOS-1536x1152.jpg 1536w, \/wp-content\/uploads\/2025\/10\/20250930_103849497_iOS-2048x1536.jpg 2048w, \/wp-content\/uploads\/2025\/10\/20250930_103849497_iOS-70x53.jpg 70w\" sizes=\"auto, (max-width: 1024px) 100vw, 1024px\" \/>                      <\/div>\r\n\t\t\t\t\t\t\t\t<div class=\"content\">\r\n\t\t\t\t\t\t\t\t<h5>T\u00e3 X\u00f9a b\u00e3o t\u00e1p 2025<\/h5>\r\n\t\t\t\t\t\t\t\t\t\t\t<\/div>\r\n                  <a class=\"link\" href=\"#\" data-popup-json=\"{&quot;title&quot;:&quot;T\\u00e3 X\\u00f9a b\\u00e3o t\\u00e1p 2025&quot;,&quot;desc&quot;:false,&quot;image&quot;:{&quot;url&quot;:&quot;\\\/wp-content\\\/uploads\\\/2025\\\/10\\\/20250930_103849497_iOS-rotated.jpg&quot;,&quot;w&quot;:4032,&quot;h&quot;:3024},&quot;post_id&quot;:1236,&quot;likes&quot;:&quot;15&quot;,&quot;projectLink&quot;:&quot;https:\\\/\\\/our.quangdd.com\\\/?pt-portfolio=ta-xua-2025&quot;,&quot;projectLinkTarget&quot;:&quot;_self&quot;}\" data-id=\"0\" ><\/a>        \t\t\t<\/div>\r\n\t\t<\/article>\r\n\t\t\t\t<article class=\"portfolio-item col-12 col-sm-4 col-lg-4 portfolio-masonry-item category-17 popup-item with-video image-center\">\r\n\t\t\t<div class=\"wrap\">\r\n\t\t\t\t\t\t\t\t\t<div class=\"a-img\">\r\n            <img loading=\"lazy\" decoding=\"async\" width=\"768\" height=\"1024\" src=\"\/wp-content\/uploads\/2018\/10\/20251012_082422225_iOS-768x1024.jpg\" class=\"attachment-large size-large\" alt=\"\" srcset=\"\/wp-content\/uploads\/2018\/10\/20251012_082422225_iOS-768x1024.jpg 768w, \/wp-content\/uploads\/2018\/10\/20251012_082422225_iOS-225x300.jpg 225w, \/wp-content\/uploads\/2018\/10\/20251012_082422225_iOS-1152x1536.jpg 1152w, \/wp-content\/uploads\/2018\/10\/20251012_082422225_iOS-1536x2048.jpg 1536w, \/wp-content\/uploads\/2018\/10\/20251012_082422225_iOS-52x70.jpg 52w\" sizes=\"auto, (max-width: 768px) 100vw, 768px\" \/>                      <\/div>\r\n\t\t\t\t\t\t\t\t<div class=\"content\">\r\n\t\t\t\t\t\t\t\t<h5>\u0102n c\u01b0\u1edbi Huy\u1ec1n 12\/10\/2025<\/h5>\r\n\t\t\t\t\t\t\t<p>\u0110\u00e1m c\u01b0\u1edbi Huy\u1ec1n<\/p>\n\t\t\t\t<\/div>\r\n                  <a class=\"link\" href=\"#\" data-popup-json=\"{&quot;title&quot;:&quot;\\u0102n c\\u01b0\\u1edbi Huy\\u1ec1n 12\\\/10\\\/2025&quot;,&quot;desc&quot;:&quot;\\u0110\\u00e1m c\\u01b0\\u1edbi Huy\\u1ec1n&quot;,&quot;video&quot;:{&quot;html&quot;:&quot;&lt;video controls class=\\&quot;pswp__video\\&quot; width=\\&quot;1920\\&quot; height=\\&quot;1080\\&quot; src=\\&quot;https:\\\/\\\/our.quangdd.com\\\/wp-content\\\/uploads\\\/2018\\\/10\\\/20251012_083801000_iOS.mov\\&quot; type=\\&quot;video\\\/mp4\\&quot;&gt;&lt;\\\/video&gt;&quot;,&quot;w&quot;:1920,&quot;h&quot;:1080},&quot;post_id&quot;:1237,&quot;likes&quot;:&quot;35&quot;,&quot;projectLink&quot;:&quot;https:\\\/\\\/our.quangdd.com\\\/?pt-portfolio=an-cuoi-huyen-2025&quot;,&quot;projectLinkTarget&quot;:&quot;_self&quot;}\" data-id=\"1\" ><\/a>        \t\t\t<\/div>\r\n\t\t<\/article>\r\n\t\t\t\t\t\t<\/div>\r\n\t\t\t\t\t\t\t\t\t<\/div>\r\n    [\/vc_column][\/vc_row]<\/p>\n<\/div>","protected":false},"excerpt":{"rendered":"<p>[vc_row full_width=&#8221;stretch_row_content&#8221;][vc_column][vc_custom_heading text=&#8221;Gallery&#8221; font_container=&#8221;tag:h2|text_align:center&#8221; use_theme_fonts=&#8221;yes&#8221; decor_line=&#8221;on&#8221;][\/vc_column][\/vc_row]<\/p>\n","protected":false},"author":1,"featured_media":0,"parent":811,"menu_order":0,"comment_status":"closed","ping_status":"closed","template":"template-landing.php","meta":{"_acf_changed":false,"footnotes":""},"class_list":["post-815","page","type-page","status-publish","hentry"],"acf":[],"_links":{"self":[{"href":"https:\/\/our.quangdd.com\/index.php?rest_route=\/wp\/v2\/pages\/815","targetHints":{"allow":["GET"]}}],"collection":[{"href":"https:\/\/our.quangdd.com\/index.php?rest_route=\/wp\/v2\/pages"}],"about":[{"href":"https:\/\/our.quangdd.com\/index.php?rest_route=\/wp\/v2\/types\/page"}],"author":[{"embeddable":true,"href":"https:\/\/our.quangdd.com\/index.php?rest_route=\/wp\/v2\/users\/1"}],"replies":[{"embeddable":true,"href":"https:\/\/our.quangdd.com\/index.php?rest_route=%2Fwp%2Fv2%2Fcomments&post=815"}],"version-history":[{"count":0,"href":"https:\/\/our.quangdd.com\/index.php?rest_route=\/wp\/v2\/pages\/815\/revisions"}],"up":[{"embeddable":true,"href":"https:\/\/our.quangdd.com\/index.php?rest_route=\/wp\/v2\/pages\/811"}],"wp:attachment":[{"href":"https:\/\/our.quangdd.com\/index.php?rest_route=%2Fwp%2Fv2%2Fmedia&parent=815"}],"curies":[{"name":"wp","href":"https:\/\/api.w.org\/{rel}","templated":true}]}}