{"id":3262,"date":"2025-09-19T00:00:15","date_gmt":"2025-09-19T00:00:15","guid":{"rendered":"https:\/\/promo-theme.com\/novo\/?page_id=3262"},"modified":"2025-10-07T16:24:12","modified_gmt":"2025-10-07T16:24:12","slug":"our-space","status":"publish","type":"page","link":"https:\/\/our.quangdd.com\/","title":{"rendered":"Our Space"},"content":{"rendered":"<div class=\"wpb-content-wrapper\"><p>[vc_row full_width=&#8221;stretch_row_content_no_spaces&#8221;][vc_column]<div class=\"banner-area banner-area-5d63ae4f0bb6e banner-color-inherit with-circle-nav\" data-settings=\"{&quot;loop&quot;:true,&quot;speed&quot;:500,&quot;autoplay&quot;:{&quot;delay&quot;:5000,&quot;disableOnInteraction&quot;:false,&quot;pauseOnMouseEnter&quot;:true},&quot;arrows&quot;:true,&quot;dots&quot;:true,&quot;dots_position&quot;:&quot;bottom&quot;,&quot;animation&quot;:&quot;&quot;}\"><div class=\"banner-social-buttons\"><div class=\"links\"><a href=\"#\" class=\"item\" target=_self\"><i class=\"fab fa-facebook-f\"><\/i><span>Facebook<\/span><\/a><a href=\"#\" class=\"item\" target=_self\"><i class=\"fab fa-x-twitter\"><\/i><span>Twitter<\/span><\/a><a href=\"#\" class=\"item\" target=_self\"><i class=\"fab fa-instagram\"><\/i><span>Instagram<\/span><\/a><\/div><\/div><div class=\"banner banner-5d63ae4f0bb6e  arrows-bottom pagination-bottom\" style=\" --transition-speed: 2500ms;\"><div class=\"swiper\"><div class=\"swiper-wrapper\"><div class=\"item swiper-slide banner-item-5d63c3a5d9fdc tal with-shadow black\">\n      <div class=\"bg-image\" style=\"background-image: url(\/wp-content\/uploads\/2025\/10\/20251005_151944116_iOS-1.jpg)\"><\/div>\n      \n      \n      <div class=\"container\">\n        <div class=\"cell bottom\">\n          <div class=\"heading\">\n        \n        <h3 class=\"h\">Qu\u0103n &amp; Din<\/h3>\n      <\/div>\n          <div class=\"text\">2025 T\u00e0 X\u00f9a storm-trip<\/div>\n          \n          \n        <\/div>\n      <\/div>\n    <\/div><div class=\"item swiper-slide banner-item-5d70f6e85521c tal with-shadow black\">\n      <div class=\"bg-image\" style=\"background-image: url(\/wp-content\/uploads\/2025\/10\/000004010001.jpg)\"><\/div>\n      \n      \n      <div class=\"container\">\n        <div class=\"cell bottom\">\n          <div class=\"heading\">\n        \n        <h3 class=\"h\">Qu\u0103n &amp; Din<\/h3>\n      <\/div>\n          <div class=\"text\">2025 T\u00e0 X\u00f9a storm-trip<\/div>\n          \n          \n        <\/div>\n      <\/div>\n    <\/div><div class=\"item swiper-slide banner-item-5d63c3aa65dcb tal with-shadow white\">\n      <div class=\"bg-image\" style=\"background-image: url(\/wp-content\/uploads\/2025\/10\/20251002_043003857_iOS.jpg)\"><\/div>\n      \n      \n      <div class=\"container\">\n        <div class=\"cell bottom\">\n          <div class=\"heading\">\n        \n        <h3 class=\"h\">Qu\u0103n &amp; Din<\/h3>\n      <\/div>\n          <div class=\"text\">2025 T\u00e0 X\u00f9a storm-trip<\/div>\n          \n          \n        <\/div>\n      <\/div>\n    <\/div><div class=\"item swiper-slide banner-item-5d63c3b0f0ab7 tal with-shadow white\">\n      <div class=\"bg-image\" style=\"background-image: url(\/wp-content\/uploads\/2025\/10\/20251005_072716000_iOS.jpg)\"><\/div>\n      \n      \n      <div class=\"container\">\n        <div class=\"cell bottom\">\n          <div class=\"heading\">\n        \n        <h3 class=\"h\">Qu\u0103n &amp; Din<\/h3>\n      <\/div>\n          <div class=\"text\">2025 T\u00e0 X\u00f9a storm-trip<\/div>\n          \n          \n        <\/div>\n      <\/div>\n    <\/div><\/div><\/div><div class=\"owl-nav\"><div class=\"owl-prev basic-ui-icon-left-arrow\"><\/div><div class=\"owl-next basic-ui-icon-right-arrow\"><\/div><\/div><div class=\"banner-circle-nav container\"><\/div><\/div><\/div>[vc_row_inner bg_overlay=&#8221;&#8221; uniqid=&#8221;68e5176c29f18&#8243; css=&#8221;.vc_custom_1759844516214{padding-top: 5px !important;background-color: #FFFFFF10 !important;border-color: #FFFFFF24 !important;}&#8221;][vc_column_inner][vc_column_text css=&#8221;.vc_custom_1759844261218{margin-bottom: -15px !important;}&#8221;]<\/p>\n<h2 style=\"text-align: center;\">We been together<\/h2>\n<p>[\/vc_column_text][vc_column_text css_animation=&#8221;fadeIn&#8221; css=&#8221;.vc_custom_1759852815934{padding-bottom: 7px !important;}&#8221;]<script>\n    jQuery(document).ready(function($) {\n        $('#beentogether-counter').countdown({\n            timestamp: '2024\/09\/19 00:00:00',\n            countdiv: true\n        });\n    });\n<\/script><\/p>\n<div id=\"beentogether-counter\" class=\"beentogether-counter\"><\/div>\n<p><script src=\"https:\/\/our.quangdd.com\/wp-content\/plugins\/pt-novo-shortcodes\/assets\/js\/jquery.countdown.js?ver=1.0\"><\/script>[\/vc_column_text][\/vc_column_inner][\/vc_row_inner][\/vc_column][\/vc_row][vc_row full_width=&#8221;stretch_row&#8221; equal_height=&#8221;yes&#8221; content_placement=&#8221;middle&#8221; bg_overlay=&#8221;on&#8221; color_overlay=&#8221;on&#8221; gradient_overlay=&#8221;&#8221; circles_overlay=&#8221;&#8221; color_change_overlay=&#8221;&#8221; css=&#8221;.vc_custom_1759838536957{padding-top: 55px !important;padding-bottom: 95px !important;}&#8221; uniqid=&#8221;5d64ed679b3ba&#8221; color_overlay_hex=&#8221;#000000&#8243; color_overlay_opacity=&#8221;5&#8243;][vc_column css_animation=&#8221;fadeInLeft&#8221; width=&#8221;2\/5&#8243; uniqid=&#8221;5d64c90a1a796&#8243;]      <div class=\"heading-block heading-5d64ce0964b1d tac h-h2 with-line vc_custom_1759846060781\">\n                  <div class=\"sub-h\">about him<\/div>\n                  <h2 class=\"h\">My name is Quang,<br \/>\nI <span>love<\/span> her.<\/h2>\n              <\/div>\n        <div class=\"side-img side-img-5d64c9de9791b style-circle align-left vc_custom_1759845595857\">\n      <div style=\"background-image: url(\/wp-content\/uploads\/2025\/10\/000004010027-e1759828583908.jpg);\"><\/div>\n    <\/div>\n    [vc_column_text css=&#8221;.vc_custom_1759846087848{margin-bottom: 31px !important;}&#8221;]<\/p>\n<p style=\"text-align: center;\"><span style=\"font-weight: 300; line-height: 29px; font-size: 16px;\">The world without photography will be meaningless to us if there is no light and color, which opens up our minds and expresses passion. My photos are inspired by light, color, creative perspective, techniques &amp; personalities.<\/span><\/p>\n<p>[\/vc_column_text][\/vc_column][vc_column css_animation=&#8221;none&#8221; width=&#8221;1\/5&#8243; uniqid=&#8221;5d64c9001f373&#8243; css=&#8221;.vc_custom_1759851702655{padding-right: 5px !important;padding-left: 5px !important;}&#8221;][vc_icon icon_fontawesome=&#8221;fa fa-regular fa-heart&#8221; color=&#8221;pink&#8221; size=&#8221;xl&#8221; align=&#8221;center&#8221; css_animation=&#8221;bounceIn&#8221; css=&#8221;.vc_custom_1759851739610{margin-top: 25px !important;}&#8221;][\/vc_column][vc_column css_animation=&#8221;fadeInRight&#8221; width=&#8221;2\/5&#8243;]      <div class=\"heading-block heading-5d64ce0964b1d tac h-h2 with-line vc_custom_1759846046330\">\n                  <div class=\"sub-h\">about her<\/div>\n                  <h2 class=\"h\">My name is Duyen,<br \/>\nI <span>hate<\/span> him.<\/h2>\n              <\/div>\n        <div class=\"side-img side-img-69e20eb2025c5 style-circle align-left vc_custom_1759845611396\">\n      <div style=\"background-image: url(\/wp-content\/uploads\/2025\/10\/20251005_141015951_iOS-1.jpg);\"><\/div>\n    <\/div>\n    [vc_column_text css=&#8221;.vc_custom_1759846099732{margin-bottom: 31px !important;}&#8221;]<\/p>\n<p style=\"text-align: center;\"><span style=\"font-weight: 300; line-height: 29px; font-size: 16px;\">The world without photography will be meaningless to us if there is no light and color, which opens up our minds and expresses passion. My photos are inspired by light, color, creative perspective, techniques &amp; personalities.<\/span><\/p>\n<p>[\/vc_column_text][\/vc_column][\/vc_row][vc_row full_width=&#8221;stretch_row_content&#8221; css=&#8221;.vc_custom_1759845369930{padding-top: 17px !important;padding-bottom: 59px !important;background-color: #FFFFFF10 !important;}&#8221; uniqid=&#8221;5d650688bd861&#8243;][vc_column css_animation=&#8221;fadeIn&#8221;]      <div class=\"heading-block heading- tac h-h3 with-line vc_custom_1759846214131\">\n                  <h3 class=\"h\">Our <span>photo<\/span> collection.<\/h3>\n              <\/div>\n    \r\n\t\t<div class=\"portfolio-block portfolio-block-59b67322b6647 popup-gallery\" data-popup-settings=\"{&quot;popupTitle&quot;:false,&quot;popupDesc&quot;:false}\">\r\n\t\t\t\t\t\t\t\t\t<div class=\"filter-buttons filter-button-group tac\">\r\n\t\t\t<div class=\"wrap\">\r\n\t\t\t\t<button class=\"button active\" data-filter=\"*\">\r\n\t\t\t\t\t<span>T\u1ea5t c\u1ea3<\/span>\r\n\t\t\t\t<\/button>\r\n\t\t\t\t\t\t\t\t\t<button class=\"button\" data-filter=\".category-17\">\r\n\t\t\t\t\t\t<span>Event<\/span>\r\n\t\t\t\t\t<\/button>\r\n\t\t\t\t\t\t\t\t\t<button class=\"button\" data-filter=\".category-11\">\r\n\t\t\t\t\t\t<span>Nature<\/span>\r\n\t\t\t\t\t<\/button>\r\n\t\t\t\t\t\t\t<\/div>\r\n\t\t<\/div>\r\n\t\t\t\t\t\t<div class=\"portfolio-items portfolio-type-grid load-wrap portfolio_hover_type_5 row\">\r\n\t\t\t\t\t\t\t<article class=\"portfolio-item col-12 col-sm-4 col-lg-4 portfolio-grid-item category-11 popup-item image-center\">\r\n\t\t\t<div class=\"wrap\">\r\n\t\t\t\t\t\t\t\t\t<div class=\"a-img\" data-original=\"\/wp-content\/uploads\/2025\/10\/20250930_103849497_iOS-rotated.jpg\">\r\n\t\t\t\t\t\t<div style=\"background-image: url(\/wp-content\/uploads\/2025\/10\/20250930_103849497_iOS-1024x768.jpg);\"><\/div>\r\n            \t\t\t\t\t<\/div>\r\n\t\t\t\t\t\t\t\t<div class=\"content\">\r\n\t\t\t\t\t\t\t\t<h5><span>1<\/span>T\u00e3 X\u00f9a b\u00e3o t\u00e1p 2025<\/h5>\r\n\t\t\t\t\t\t\t\t\t\t\t<\/div>\r\n                  <a class=\"link\" href=\"#\" data-popup-json=\"{&quot;title&quot;:&quot;T\\u00e3 X\\u00f9a b\\u00e3o t\\u00e1p 2025&quot;,&quot;desc&quot;:false,&quot;image&quot;:{&quot;url&quot;:&quot;\\\/wp-content\\\/uploads\\\/2025\\\/10\\\/20250930_103849497_iOS-rotated.jpg&quot;,&quot;w&quot;:4032,&quot;h&quot;:3024},&quot;post_id&quot;:1236,&quot;likes&quot;:&quot;15&quot;,&quot;projectLink&quot;:&quot;https:\\\/\\\/our.quangdd.com\\\/?pt-portfolio=ta-xua-2025&quot;,&quot;projectLinkTarget&quot;:&quot;_self&quot;}\" data-id=\"0\" ><\/a>        \t\t\t<\/div>\r\n\t\t<\/article>\r\n\t\t\t\t<article class=\"portfolio-item col-12 col-sm-4 col-lg-4 portfolio-grid-item category-17 popup-item with-video image-center\">\r\n\t\t\t<div class=\"wrap\">\r\n\t\t\t\t\t\t\t\t\t<div class=\"a-img\" data-original=\"\/wp-content\/uploads\/2018\/10\/20251012_082422225_iOS.jpg\">\r\n\t\t\t\t\t\t<div style=\"background-image: url(\/wp-content\/uploads\/2018\/10\/20251012_082422225_iOS-768x1024.jpg);\"><\/div>\r\n            \t\t\t\t\t<\/div>\r\n\t\t\t\t\t\t\t\t<div class=\"content\">\r\n\t\t\t\t\t\t\t\t<h5><span>2<\/span>\u0102n c\u01b0\u1edbi Huy\u1ec1n 12\/10\/2025<\/h5>\r\n\t\t\t\t\t\t\t<p>\u0110\u00e1m c\u01b0\u1edbi Huy\u1ec1n<\/p>\n\t\t\t\t<\/div>\r\n                  <a class=\"link\" href=\"#\" data-popup-json=\"{&quot;title&quot;:&quot;\\u0102n c\\u01b0\\u1edbi Huy\\u1ec1n 12\\\/10\\\/2025&quot;,&quot;desc&quot;:&quot;\\u0110\\u00e1m c\\u01b0\\u1edbi Huy\\u1ec1n&quot;,&quot;video&quot;:{&quot;html&quot;:&quot;&lt;video controls class=\\&quot;pswp__video\\&quot; width=\\&quot;1920\\&quot; height=\\&quot;1080\\&quot; src=\\&quot;https:\\\/\\\/our.quangdd.com\\\/wp-content\\\/uploads\\\/2018\\\/10\\\/20251012_083801000_iOS.mov\\&quot; type=\\&quot;video\\\/mp4\\&quot;&gt;&lt;\\\/video&gt;&quot;,&quot;w&quot;:1920,&quot;h&quot;:1080},&quot;post_id&quot;:1237,&quot;likes&quot;:&quot;35&quot;,&quot;projectLink&quot;:&quot;https:\\\/\\\/our.quangdd.com\\\/?pt-portfolio=an-cuoi-huyen-2025&quot;,&quot;projectLinkTarget&quot;:&quot;_self&quot;}\" data-id=\"1\" ><\/a>        \t\t\t<\/div>\r\n\t\t<\/article>\r\n\t\t\t\t\t\t<\/div>\r\n\t\t\t\t\t\t\t\t\t<\/div>\r\n    [\/vc_column][\/vc_row][vc_row full_width=&#8221;stretch_row&#8221; background_parallax=&#8221;&#8221; bg_overlay=&#8221;on&#8221; color_overlay=&#8221;on&#8221; gradient_overlay=&#8221;&#8221; circles_overlay=&#8221;&#8221; color_change_overlay=&#8221;&#8221; row_title=&#8221;Blog&#8221; uniqid=&#8221;68e4ffdef6533&#8243; color_overlay_hex=&#8221;#000000&#8243; color_overlay_opacity=&#8221;5&#8243;][vc_column css_animation=&#8221;fadeInUp&#8221;]      <div class=\"heading-block heading-5d64ecadae9e7 tac h-h3 with-line vc_custom_1759846418938\">\n                  <h3 class=\"h\">Our <span>blog.<\/span><\/h3>\n              <\/div>\n    <div class=\"blog-block\"><div class=\"blog-items load-wrap row blog-type-grid blog-69e20eb2041cb \"><article class=\"blog-item  category-5 with-image col-12 col-sm-4 col-md-4\"><div class=\"wrap\"><div class=\"img\" data-original=\"\/wp-content\/uploads\/2025\/10\/20251005_072710000_iOS-1024x717.jpg\"><a href=\"https:\/\/our.quangdd.com\/?p=1198\" style=\"background-image: url(\/wp-content\/uploads\/2025\/10\/20251005_072710000_iOS-70x49.jpg);\"><\/a><\/div><div class=\"content\"><h5><a href=\"https:\/\/our.quangdd.com\/?p=1198\">T\u00e3 X\u00f9a b\u00e3o t\u00e1p 2025<\/a><\/h5><div class=\"date\">2 Th\u00e1ng 10, 2025<\/div><p>Lorem ipsum dolor sit amet, consectetur adipisicing elit, sed do eiusmod tempor incididunt ut labore et dolore magna aliqua. Ut enim ad minim veniam, quis nostrud exercitation ullamco laboris ...<\/p><\/div><\/div><\/article><\/div><\/div>[\/vc_column][\/vc_row]<\/p>\n<\/div>","protected":false},"excerpt":{"rendered":"<p>[vc_row full_width=&#8221;stretch_row_content_no_spaces&#8221;][vc_column][vc_row_inner bg_overlay=&#8221;&#8221; uniqid=&#8221;68e5176c29f18&#8243; css=&#8221;.vc_custom_1759844516214{padding-top: 5px !important;background-color: #FFFFFF10 !important;border-color: #FFFFFF24 !important;}&#8221;][vc_column_inner][vc_column_text css=&#8221;.vc_custom_1759844261218{margin-bottom: -15px !important;}&#8221;] We been together [\/vc_column_text][vc_column_text css_animation=&#8221;fadeIn&#8221; css=&#8221;.vc_custom_1759852815934{padding-bottom: 7px !important;}&#8221;] [\/vc_column_text][\/vc_column_inner][\/vc_row_inner][\/vc_column][\/vc_row][vc_row full_width=&#8221;stretch_row&#8221; equal_height=&#8221;yes&#8221; content_placement=&#8221;middle&#8221; bg_overlay=&#8221;on&#8221; color_overlay=&#8221;on&#8221; gradient_overlay=&#8221;&#8221; circles_overlay=&#8221;&#8221; color_change_overlay=&#8221;&#8221; css=&#8221;.vc_custom_1759838536957{padding-top: 55px !important;padding-bottom: 95px !important;}&#8221; uniqid=&#8221;5d64ed679b3ba&#8221; color_overlay_hex=&#8221;#000000&#8243; color_overlay_opacity=&#8221;5&#8243;][vc_column css_animation=&#8221;fadeInLeft&#8221; width=&#8221;2\/5&#8243; uniqid=&#8221;5d64c90a1a796&#8243;][vc_column_text css=&#8221;.vc_custom_1759846087848{margin-bottom: 31px !important;}&#8221;] The world without photography will be meaningless to us if [&hellip;]<\/p>\n","protected":false},"author":1,"featured_media":0,"parent":0,"menu_order":0,"comment_status":"closed","ping_status":"closed","template":"template-landing.php","meta":{"_acf_changed":false,"footnotes":""},"class_list":["post-3262","page","type-page","status-publish","hentry"],"acf":[],"_links":{"self":[{"href":"https:\/\/our.quangdd.com\/index.php?rest_route=\/wp\/v2\/pages\/3262","targetHints":{"allow":["GET"]}}],"collection":[{"href":"https:\/\/our.quangdd.com\/index.php?rest_route=\/wp\/v2\/pages"}],"about":[{"href":"https:\/\/our.quangdd.com\/index.php?rest_route=\/wp\/v2\/types\/page"}],"author":[{"embeddable":true,"href":"https:\/\/our.quangdd.com\/index.php?rest_route=\/wp\/v2\/users\/1"}],"replies":[{"embeddable":true,"href":"https:\/\/our.quangdd.com\/index.php?rest_route=%2Fwp%2Fv2%2Fcomments&post=3262"}],"version-history":[{"count":47,"href":"https:\/\/our.quangdd.com\/index.php?rest_route=\/wp\/v2\/pages\/3262\/revisions"}],"predecessor-version":[{"id":3571,"href":"https:\/\/our.quangdd.com\/index.php?rest_route=\/wp\/v2\/pages\/3262\/revisions\/3571"}],"wp:attachment":[{"href":"https:\/\/our.quangdd.com\/index.php?rest_route=%2Fwp%2Fv2%2Fmedia&parent=3262"}],"curies":[{"name":"wp","href":"https:\/\/api.w.org\/{rel}","templated":true}]}}